{"id":232,"date":"2020-06-05T01:43:27","date_gmt":"2020-06-05T01:43:27","guid":{"rendered":"http:\/\/web.urobosque.com\/web\/?page_id=232"},"modified":"2020-06-22T06:37:21","modified_gmt":"2020-06-22T06:37:21","slug":"urobosque","status":"publish","type":"page","link":"https:\/\/web.urobosque.com\/web\/urobosque\/","title":{"rendered":"Nuestra empresa"},"content":{"rendered":"\t\t<div data-elementor-type=\"wp-page\" data-elementor-id=\"232\" class=\"elementor elementor-232\">\n\t\t\t\t\t\t<section class=\"elementor-section elementor-top-section elementor-element elementor-element-1ca4fd02 elementor-section-boxed elementor-section-height-default elementor-section-height-default\" data-id=\"1ca4fd02\" data-element_type=\"section\" data-e-type=\"section\">\n\t\t\t\t\t\t<div class=\"elementor-container elementor-column-gap-default\">\n\t\t\t\t\t<div class=\"elementor-column elementor-col-100 elementor-top-column elementor-element elementor-element-57ceae80\" data-id=\"57ceae80\" data-element_type=\"column\" data-e-type=\"column\">\n\t\t\t<div class=\"elementor-widget-wrap elementor-element-populated\">\n\t\t\t\t\t\t<div class=\"elementor-element elementor-element-456eaa19 elementor-widget elementor-widget-text-editor\" data-id=\"456eaa19\" data-element_type=\"widget\" data-e-type=\"widget\" data-widget_type=\"text-editor.default\">\n\t\t\t\t<div class=\"elementor-widget-container\">\n\t\t\t\t\t\t\t\t\t\t\t\t\t\t\t\t\t<\/div>\n\t\t\t\t<\/div>\n\t\t\t\t\t<\/div>\n\t\t<\/div>\n\t\t\t\t\t<\/div>\n\t\t<\/section>\n\t\t\t\t<section class=\"elementor-section elementor-top-section elementor-element elementor-element-defeacb elementor-section-boxed elementor-section-height-default elementor-section-height-default\" data-id=\"defeacb\" data-element_type=\"section\" data-e-type=\"section\">\n\t\t\t\t\t\t<div class=\"elementor-container elementor-column-gap-default\">\n\t\t\t\t\t<div class=\"elementor-column elementor-col-100 elementor-top-column elementor-element elementor-element-4eec986\" data-id=\"4eec986\" data-element_type=\"column\" data-e-type=\"column\">\n\t\t\t<div class=\"elementor-widget-wrap elementor-element-populated\">\n\t\t\t\t\t\t<div class=\"elementor-element elementor-element-54e7618 elementor-widget elementor-widget-image\" data-id=\"54e7618\" data-element_type=\"widget\" data-e-type=\"widget\" data-widget_type=\"image.default\">\n\t\t\t\t<div class=\"elementor-widget-container\">\n\t\t\t\t\t\t\t\t\t\t\t\t\t\t\t<img fetchpriority=\"high\" decoding=\"async\" width=\"1150\" height=\"327\" src=\"https:\/\/web.urobosque.com\/web\/wp-content\/uploads\/2020\/06\/Urobosque_Nuestra-Empresa_banner.jpg\" class=\"attachment-1536x1536 size-1536x1536 wp-image-221\" alt=\"\" srcset=\"https:\/\/web.urobosque.com\/web\/wp-content\/uploads\/2020\/06\/Urobosque_Nuestra-Empresa_banner.jpg 1150w, https:\/\/web.urobosque.com\/web\/wp-content\/uploads\/2020\/06\/Urobosque_Nuestra-Empresa_banner-300x85.jpg 300w, https:\/\/web.urobosque.com\/web\/wp-content\/uploads\/2020\/06\/Urobosque_Nuestra-Empresa_banner-1024x291.jpg 1024w, https:\/\/web.urobosque.com\/web\/wp-content\/uploads\/2020\/06\/Urobosque_Nuestra-Empresa_banner-768x218.jpg 768w\" sizes=\"(max-width: 1150px) 100vw, 1150px\" \/>\t\t\t\t\t\t\t\t\t\t\t\t\t\t\t<\/div>\n\t\t\t\t<\/div>\n\t\t\t\t\t<\/div>\n\t\t<\/div>\n\t\t\t\t\t<\/div>\n\t\t<\/section>\n\t\t\t\t<section class=\"elementor-section elementor-top-section elementor-element elementor-element-788e83e elementor-section-boxed elementor-section-height-default elementor-section-height-default\" data-id=\"788e83e\" data-element_type=\"section\" data-e-type=\"section\">\n\t\t\t\t\t\t<div class=\"elementor-container elementor-column-gap-default\">\n\t\t\t\t\t<div class=\"elementor-column elementor-col-100 elementor-top-column elementor-element elementor-element-a01acd7\" data-id=\"a01acd7\" data-element_type=\"column\" data-e-type=\"column\">\n\t\t\t<div class=\"elementor-widget-wrap elementor-element-populated\">\n\t\t\t\t\t\t<div class=\"elementor-element elementor-element-bee4bac elementor-widget elementor-widget-eael-adv-tabs\" data-id=\"bee4bac\" data-element_type=\"widget\" data-e-type=\"widget\" data-widget_type=\"eael-adv-tabs.default\">\n\t\t\t\t<div class=\"elementor-widget-container\">\n\t\t\t\t\t        <div data-scroll-on-click=\"no\" data-scroll-speed=\"300\" id=\"eael-advance-tabs-bee4bac\" class=\"eael-advance-tabs eael-tabs-horizontal eael-tab-auto-active \" data-tabid=\"bee4bac\">\n            <div class=\"eael-tabs-nav \">\n                <ul class=\"\" role=\"tablist\">\n                                            <li id=\"quines-somos\" class=\" eael-tab-item-trigger eael-tab-nav-item\" aria-selected=\"true\" data-tab=\"1\" role=\"tab\" tabindex=\"0\" aria-controls=\"quines-somos-tab\" aria-expanded=\"false\">\n                            \n                            \n                            \n                                                            <span class=\"eael-tab-title title-after-icon\" >Qui\u00e9nes Somos<\/span>                                                    <\/li>\n                                            <li id=\"visin\" class=\"inactive eael-tab-item-trigger eael-tab-nav-item\" aria-selected=\"false\" data-tab=\"2\" role=\"tab\" tabindex=\"-1\" aria-controls=\"visin-tab\" aria-expanded=\"false\">\n                            \n                            \n                            \n                                                            <span class=\"eael-tab-title title-after-icon\" >Visi\u00f3n<\/span>                                                    <\/li>\n                                            <li id=\"misin\" class=\"inactive eael-tab-item-trigger eael-tab-nav-item\" aria-selected=\"false\" data-tab=\"3\" role=\"tab\" tabindex=\"-1\" aria-controls=\"misin-tab\" aria-expanded=\"false\">\n                            \n                            \n                            \n                                                            <span class=\"eael-tab-title title-after-icon\" >Misi\u00f3n<\/span>                                                    <\/li>\n                                            <li id=\"principios-y-valores\" class=\"inactive eael-tab-item-trigger eael-tab-nav-item\" aria-selected=\"false\" data-tab=\"4\" role=\"tab\" tabindex=\"-1\" aria-controls=\"principios-y-valores-tab\" aria-expanded=\"false\">\n                            \n                            \n                            \n                                                            <span class=\"eael-tab-title title-after-icon\" >Principios y Valores<\/span>                                                    <\/li>\n                    \n                                  <\/ul>\n            <\/div>\n            \n            <div class=\"eael-tabs-content\">\n\t\t        \n                    <div id=\"quines-somos-tab\" class=\"clearfix eael-tab-content-item \" data-title-link=\"quines-somos-tab\">\n\t\t\t\t        <p><p>El centro Urol\u00f3gico\u00a0 <span style=\"color: #ff6600\">UROBOSQUE\u00a0<\/span>se cre\u00f3 en el a\u00f1o 1999 por iniciativa de un grupo de profesionales Ur\u00f3logos, con el fin de prestar un servicio integral en la especialidad de Urolog\u00eda. Est\u00e1 equipado con lo mejor de la tecnolog\u00eda actual permitiendo un estudio y un manejo completo de las patolog\u00edas urol\u00f3gicas en un solo sitio, guiado por los m\u00e1s altos est\u00e1ndares en calidad y \u00e9tica m\u00e9dica. Contamos con un equipo de ur\u00f3logos l\u00edderes en su campo, altamente subespecializados en patolog\u00edas concretas para poder ofrecer las t\u00e9cnicas m\u00e1s modernas de diagn\u00f3stico y tratamiento de las enfermedades urol\u00f3gicas aportando esta experiencia a su servicio.<br \/><br \/>La adquisici\u00f3n continua de equipos de \u00faltima tecnolog\u00eda, el seguimiento constante en la calidad del servicio y el trabajo profesional de quienes conforman actualmente el Centro Urol\u00f3gico Urobosque, demuestra la voluntad emprendedora y destacada de este grupo de especialistas.<br \/><br \/>Los Especialistas del Centro dedican parte de su tiempo a la investigaci\u00f3n y a la docencia tanto en pregrado como en posgrado en las Universidades m\u00e1s reconocidas del pa\u00eds. Son ampliamente reconocidos como l\u00edderes en sus \u00e1reas de inter\u00e9s y son miembros activos de la Sociedad Colombiana de Urolog\u00eda, y de varias sociedades internacionales.<br \/><br \/>Somos un centro moderno y serio, que abarca todas las \u00e1reas de la especialidad con la fuerte convicci\u00f3n de brindar una pr\u00e1ctica adecuada basada en un preciso diagn\u00f3stico y tratamiento.<\/p>                    <\/div>\n\t\t        \n                    <div id=\"visin-tab\" class=\"clearfix eael-tab-content-item inactive\" data-title-link=\"visin-tab\">\n\t\t\t\t        <p><p>Prestar el mejor servicio de medicina especializada en el \u00e1rea de Urolog\u00eda de la Ciudad de Bogot\u00e1 D.C, empleando tecnolog\u00eda de punta, garantizando as\u00ed tanto la calidad del servicio como tambi\u00e9n la mejor atenci\u00f3n humana, oportuna y segura a nuestros<\/p>                    <\/div>\n\t\t        \n                    <div id=\"misin-tab\" class=\"clearfix eael-tab-content-item inactive\" data-title-link=\"misin-tab\">\n\t\t\t\t        <div class=\"gkTabsItem gk-opacity gk-active\">\n<p><p>Ser una instituci\u00f3n de la m\u00e1s alta calidad, vanguardista en el proceso diagn\u00f3stico y terap\u00e9utico de las enfermedades urol\u00f3gicas, constituy\u00e9ndonos en un centro de excelencia con tecnolog\u00eda de vanguardia puesta a disposici\u00f3n de los pacientes prestando sus servicios de forma rentable, eficiente, innovadora, amable, con calidez y calidad.<\/p>\n<\/div>\n<div class=\"gkTabsItem gk-opacity gk-hide\">\u00a0<\/div>                    <\/div>\n\t\t        \n                    <div id=\"principios-y-valores-tab\" class=\"clearfix eael-tab-content-item inactive\" data-title-link=\"principios-y-valores-tab\">\n\t\t\t\t        <p><p>\u2022 Creemos en la eficacia y la eficiencia en la prestaci\u00f3n de nuestros servicios brindando seguridad a nuestros usuarios durante el proceso de atenci\u00f3n en salud.<\/p>\n<p>\u2022 Creemos en la \u00e9tica bajo los criterios de confidencialidad y profesionalismo en la atenci\u00f3n m\u00e9dica brindada a nuestros pacientes y sus familias.<\/p>\n<p>\u2022 Creemos en la responsabilidad, respeto, como valores institucionales que fundamentan nuestra instituci\u00f3n y que se proyecta en la calidad de la atenci\u00f3n.<\/p>\n<p>\u2022 Creemos que nuestra raz\u00f3n de ser, es la calidad t\u00e9cnico-cient\u00edfica bajo los valores de liderazgo, actitud de servicio y confidencialidad<\/p>                    <\/div>\n\t\t                    <\/div>\n        <\/div>\n\t\t\t\t<\/div>\n\t\t\t\t<\/div>\n\t\t\t\t\t<\/div>\n\t\t<\/div>\n\t\t\t\t\t<\/div>\n\t\t<\/section>\n\t\t\t\t<\/div>\n\t\t","protected":false},"excerpt":{"rendered":"<p>Qui\u00e9nes Somos Visi\u00f3n Misi\u00f3n Principios y Valores El centro Urol\u00f3gico\u00a0 UROBOSQUE\u00a0se cre\u00f3 en el a\u00f1o 1999 por iniciativa de un grupo de profesionales Ur\u00f3logos, con el fin de prestar un servicio integral en la especialidad de Urolog\u00eda. Est\u00e1 equipado con lo mejor de la tecnolog\u00eda actual permitiendo un estudio y un manejo completo de las [&hellip;]<\/p>\n","protected":false},"author":1,"featured_media":0,"parent":0,"menu_order":0,"comment_status":"closed","ping_status":"closed","template":"","meta":{"footnotes":""},"class_list":["post-232","page","type-page","status-publish","hentry","entry"],"_links":{"self":[{"href":"https:\/\/web.urobosque.com\/web\/wp-json\/wp\/v2\/pages\/232","targetHints":{"allow":["GET"]}}],"collection":[{"href":"https:\/\/web.urobosque.com\/web\/wp-json\/wp\/v2\/pages"}],"about":[{"href":"https:\/\/web.urobosque.com\/web\/wp-json\/wp\/v2\/types\/page"}],"author":[{"embeddable":true,"href":"https:\/\/web.urobosque.com\/web\/wp-json\/wp\/v2\/users\/1"}],"replies":[{"embeddable":true,"href":"https:\/\/web.urobosque.com\/web\/wp-json\/wp\/v2\/comments?post=232"}],"version-history":[{"count":18,"href":"https:\/\/web.urobosque.com\/web\/wp-json\/wp\/v2\/pages\/232\/revisions"}],"predecessor-version":[{"id":1062,"href":"https:\/\/web.urobosque.com\/web\/wp-json\/wp\/v2\/pages\/232\/revisions\/1062"}],"wp:attachment":[{"href":"https:\/\/web.urobosque.com\/web\/wp-json\/wp\/v2\/media?parent=232"}],"curies":[{"name":"wp","href":"https:\/\/api.w.org\/{rel}","templated":true}]}}