{"id":318,"date":"2020-06-05T17:15:23","date_gmt":"2020-06-05T17:15:23","guid":{"rendered":"http:\/\/web.urobosque.com\/web\/?page_id=318"},"modified":"2025-10-29T17:44:55","modified_gmt":"2025-10-29T17:44:55","slug":"preparaciones","status":"publish","type":"page","link":"https:\/\/web.urobosque.com\/web\/preparaciones\/","title":{"rendered":"Preparaciones"},"content":{"rendered":"\t\t<div data-elementor-type=\"wp-page\" data-elementor-id=\"318\" class=\"elementor elementor-318\">\n\t\t\t\t\t\t<section class=\"elementor-section elementor-top-section elementor-element elementor-element-15a0b681 elementor-section-boxed elementor-section-height-default elementor-section-height-default\" data-id=\"15a0b681\" data-element_type=\"section\" data-e-type=\"section\">\n\t\t\t\t\t\t<div class=\"elementor-container elementor-column-gap-default\">\n\t\t\t\t\t<div class=\"elementor-column elementor-col-100 elementor-top-column elementor-element elementor-element-140f54a4\" data-id=\"140f54a4\" data-element_type=\"column\" data-e-type=\"column\">\n\t\t\t<div class=\"elementor-widget-wrap elementor-element-populated\">\n\t\t\t\t\t\t<div class=\"elementor-element elementor-element-f888f67 elementor-widget elementor-widget-text-editor\" data-id=\"f888f67\" data-element_type=\"widget\" data-e-type=\"widget\" data-widget_type=\"text-editor.default\">\n\t\t\t\t<div class=\"elementor-widget-container\">\n\t\t\t\t\t\t\t\t\t\t\t\t\t\t\t\t\t<\/div>\n\t\t\t\t<\/div>\n\t\t\t\t\t<\/div>\n\t\t<\/div>\n\t\t\t\t\t<\/div>\n\t\t<\/section>\n\t\t\t\t<section class=\"elementor-section elementor-top-section elementor-element elementor-element-8101f05 elementor-section-boxed elementor-section-height-default elementor-section-height-default\" data-id=\"8101f05\" data-element_type=\"section\" data-e-type=\"section\">\n\t\t\t\t\t\t<div class=\"elementor-container elementor-column-gap-default\">\n\t\t\t\t\t<div class=\"elementor-column elementor-col-100 elementor-top-column elementor-element elementor-element-0481ad9\" data-id=\"0481ad9\" data-element_type=\"column\" data-e-type=\"column\">\n\t\t\t<div class=\"elementor-widget-wrap elementor-element-populated\">\n\t\t\t\t\t\t<div class=\"elementor-element elementor-element-9cabb63 elementor-widget elementor-widget-eael-adv-tabs\" data-id=\"9cabb63\" data-element_type=\"widget\" data-e-type=\"widget\" data-widget_type=\"eael-adv-tabs.default\">\n\t\t\t\t<div class=\"elementor-widget-container\">\n\t\t\t\t\t        <div data-scroll-on-click=\"no\" data-scroll-speed=\"300\" id=\"eael-advance-tabs-9cabb63\" class=\"eael-advance-tabs eael-tabs-horizontal eael-tab-auto-active \" data-tabid=\"9cabb63\">\n            <div class=\"eael-tabs-nav \">\n                <ul class=\"eael-tab-inline-icon\" role=\"tablist\">\n                                            <li id=\"cistoscopia\" class=\"inactive eael-tab-item-trigger eael-tab-nav-item\" aria-selected=\"true\" data-tab=\"1\" role=\"tab\" tabindex=\"0\" aria-controls=\"cistoscopia-tab\" aria-expanded=\"false\">\n                            \n                                                                <img decoding=\"async\" src=\"\" alt=\"\">\n                                                            \n                                                            <span class=\"eael-tab-title title-after-icon\" >Cistoscopia<\/span>                            \n                                                    <\/li>\n                                            <li id=\"biopsia-transrectal\" class=\"inactive eael-tab-item-trigger eael-tab-nav-item\" aria-selected=\"false\" data-tab=\"2\" role=\"tab\" tabindex=\"-1\" aria-controls=\"biopsia-transrectal-tab\" aria-expanded=\"false\">\n                            \n                                                        \n                                                            <span class=\"eael-tab-title title-after-icon\" >Biopsia Transrectal<\/span>                            \n                                                    <\/li>\n                                            <li id=\"litotripsia\" class=\"inactive eael-tab-item-trigger eael-tab-nav-item\" aria-selected=\"false\" data-tab=\"3\" role=\"tab\" tabindex=\"-1\" aria-controls=\"litotripsia-tab\" aria-expanded=\"false\">\n                            \n                                                        \n                                                            <span class=\"eael-tab-title title-after-icon\" >Litotripsia<\/span>                            \n                                                    <\/li>\n                                            <li id=\"urodinamia\" class=\"inactive eael-tab-item-trigger eael-tab-nav-item\" aria-selected=\"false\" data-tab=\"4\" role=\"tab\" tabindex=\"-1\" aria-controls=\"urodinamia-tab\" aria-expanded=\"false\">\n                            \n                                                        \n                                                            <span class=\"eael-tab-title title-after-icon\" >Urodinamia<\/span>                            \n                                                    <\/li>\n                    \n                                  <\/ul>\n            <\/div>\n            \n            <div class=\"eael-tabs-content\">\n\t\t        \n                    <div id=\"cistoscopia-tab\" class=\"clearfix eael-tab-content-item inactive\" data-title-link=\"cistoscopia-tab\">\n\t\t\t\t        <p>\u00a0<\/p>\n<p><strong><span style=\"color: #000080\">Para la programaci\u00f3n de un examen de Cistoscopia, es necesario tener:<\/span><\/strong><\/p>\n<p>1. Laboratorio de Urocultivo (resultado menor a 2 meses)<\/p>\n<p>2. Autorizaci\u00f3n del procedimiento de su EPS o entidad de salud, vigente y remitida a Urobosque<\/p>\n<p>3. Orden m\u00e9dica del procedimiento.<\/p>\n<p>Los anteriores ex\u00e1menes de laboratorio deben ser enviados al correo: serviciosmedicos@urobosque.com (Indicando sus datos personales, nombres completos, cedula, entidad de salud afiliada (EPS, Medicina prepagada o Aseguradora), tel\u00e9fonos de contacto y correo elect\u00f3nico.<\/p>\n<p>Una vez env\u00ede el correo nos estaremos comunicando con usted en un periodo no mayor a 5 d\u00edas h\u00e1biles. Si pasado este tiempo no nos hemos comunicado,\u00a0 por favor llamar a nuestro call center 6016482254\u00a0 o 6017701920 marcando la opci\u00f3n 5 del men\u00fa.<\/p>\n<p>Por favor tenga en cuenta que los reportes de los ex\u00e1menes de laboratorio deben ser recientes o menores a dos meses de haberlos realizado.<\/p>\n<p>\u00a0<\/p>\n<p><strong><span style=\"color: #000080\">Para el d\u00eda de su cita:<\/span><\/strong><\/p>\n<p>1. Recuerde llegar quince (15) minutos antes de la cita.<\/p>\n<p>2. Inicie la toma del antibi\u00f3tico de acuerdo a lo indicado en el call center en el momento de la programaci\u00f3n de la cita.<\/p>\n<p>3. Por su comodidad es ideal que las mujeres no est\u00e9n con el periodo menstrual. El paciente NO debe tener un ayuno.<\/p>\n<p>4. Recuerde traer resultado de parcial de orina y\/o urocultivo reciente.<\/p>\n<p>5. Los pacientes con sonda permanente deben traer una sonda del mismo calibre para poder realizar el cambio.<\/p>\n<p>6. En caso de que usted est\u00e9 tomando aspirina, aspirineta, asawin, alka seltzer, Warfarina, enoxaparina o alg\u00fan tipo de anticoagulantes por favor informar al momento de solicitar la cita.<\/p>\n<p>7. Revise que la autorizaci\u00f3n del examen no est\u00e9 vencida (para poder ser atendido) y en los casos necesarios traer bono de su entidad de salud.<\/p>\n<p>8. En caso de no poder asistir a la cita avisar con 24 horas de anticipaci\u00f3n.<\/p>\n<p>\u00a0<\/p>\n<h4><span style=\"color: #ff6600\"><strong>De una buena preparaci\u00f3n depende un buen examen<\/strong><\/span><\/h4>                    <\/div>\n\t\t        \n                    <div id=\"biopsia-transrectal-tab\" class=\"clearfix eael-tab-content-item inactive\" data-title-link=\"biopsia-transrectal-tab\">\n\t\t\t\t        <h3 style=\"padding-left: 40px\">\u00a0<\/h3>\n<p><strong><span style=\"color: #000080\">Para la programaci\u00f3n de un examen de <\/span><span style=\"color: #000080\">Biopsia transrectal de pr\u00f3stata, es necesario tener:<\/span><\/strong><\/p>\n<p>Para programar su cita de biopsia de pr\u00f3stata usted debe <strong>TENER<\/strong> los siguientes documentos y enviarlos al correo: <span style=\"color: #000080\"><strong>agendamientobiopsias@urobosque.com<\/strong><\/span> (Indicando sus datos personales, nombres completos, c\u00e9dula, entidad de salud afiliada (EPS, Medicina prepagada o Aseguradora), tel\u00e9fonos de contacto y correo electr\u00f3nico<\/p>\n<p>Los documentos son:<\/p>\n<ul>\n<li>\n<h4>Laboratorio de Urocultivo (resultado menor a 2 meses)<\/h4>\n<\/li>\n<li>\n<h4>Laboratorio de Tiempo de protrombina (PT) y Tiempo de tromboplastina parcial (PTT) menor a 2 meses<\/h4>\n<\/li>\n<li>\n<h4>Resultado de hisopado rectal con antibiograma y reporte Blee menor a 2 meses.<\/h4>\n<\/li>\n<li>\n<h4>Informar si est\u00e1 tomando asa (\u00e1cido acetilsalic\u00edlico) aspirina, plavix, enoxaparina, warfarina, dabigatran, apixaban,rivaroxaban) o cualquier anticoagulante ya que se debe realizar una suspensi\u00f3n como m\u00ednimo 5 d\u00edas antes a el procedimiento , Bajo supervisi\u00f3n de su m\u00e9dico tratante asi que se requiere una\u00a0 nota m\u00e9dica autorizando la suspensi\u00f3n o la adecuaci\u00f3n del medicamento anticoagulante debidamente\u00a0 firmada expedida por su\u00a0 entidad de salud. Adjunte la nota m\u00e9dica.<\/h4>\n<\/li>\n<li>\n<h4>Autorizaci\u00f3n del procedimiento de su EPS o entidad de salud, vigente y remitida a Urobosque.<\/h4>\n<\/li>\n<li>\n<h4>Orden m\u00e9dica del procedimiento.<\/h4>\n<\/li>\n<\/ul>\n<ul>\n<li>\n<h4>Si la orden es una BIOPSIA DE PR\u00d3STATA POR FUSI\u00d3N. Adem\u00e1s del env\u00edo de los resultados de laboratorios ya mencionados adjunte la lectura de resonancia magn\u00e9tica multiparam\u00e9trica de pr\u00f3stata y el reporte de la creatinina\u00a0<\/h4>\n<\/li>\n<\/ul>\n<p>Por favor tenga en cuenta que los reportes de los ex\u00e1menes de laboratorio deben ser recientes o menores a dos meses de haberlos realizado.<\/p>\n<p>Estos documentos deben ser enviados al correo: <span style=\"color: #000080\"><strong>agendamientobiopsias@urobosque.com<\/strong><\/span> (Indicando sus datos personales, nombres completos, c\u00e9dula, entidad de salud afiliada (EPS, Medicina prepagada o Aseguradora), tel\u00e9fonos de contacto y correo electr\u00f3nico, Si la orden es una BIOPSIA DE PR\u00d3STATA FUSI\u00d3N, Adem\u00e1s del env\u00edo de los documentos ya mencionados Por favor entregue el CD de la resonancia multiparam\u00e9trica a la sede de Urobosque CALLE. 134 N\u00ba 7-83 TORRE 3 PISO 6 CONS. 361 de lunes a s\u00e1bado de 8.00 a 12 am\u00a0<\/p>\n<p>Una vez env\u00ede el correo nos estaremos comunicando con usted en un periodo no mayor a 5 d\u00edas h\u00e1biles.\u00a0 Si pasado este tiempo no nos hemos comunicado,\u00a0 por favor llamar a nuestro call center 6016482254\u00a0 o 6017701920 marcando la opci\u00f3n 5 del men\u00fa.<\/p>\n<p>\u00a0<\/p>\n<p><strong><span style=\"color: #000080\">Para el d\u00eda de su cita:<\/span><\/strong><\/p>\n<ol>\n<li>\n<h4>\u00a0Inicie la toma del antibi\u00f3tico de acuerdo a lo indicado por el call center en el momento de la programaci\u00f3n de la cita.<\/h4>\n<\/li>\n<li>\n<h4>Aplique un Enema evacuador o lavado TRAVAD (lavado v\u00eda rectal) de 133 ml, 3 horas antes de su biopsia.<\/h4>\n<\/li>\n<li>\n<h4>En el caso que usted use sonda vesical cerrarla dos horas antes o si realiza cateterismo intermitente, esto no es necesario realizarlo el d\u00eda del examen.<\/h4>\n<\/li>\n<li>\n<h4>Si tiene programada biopsia bajo sedaci\u00f3n tener un ayuno de 8 horas, previas a la cita de la biopsia.<\/h4>\n<\/li>\n<\/ol>\n<h4><strong><span style=\"color: #ff6600\">Recuerde<\/span><\/strong>.<\/h4>\n<ol>\n<li>\n<h4>\u00a0Llegar quince (15) minutos antes de la cita.\u00a0 Si se requiere la aplicaci\u00f3n de antibi\u00f3tico endovenoso previo al estudio, se debe llegar con dos (2) horas de anticipaci\u00f3n<\/h4>\n<\/li>\n<li>\n<h4>Llegar acompa\u00f1ado de adulto responsable.<\/h4>\n<\/li>\n<li>\n<h4>\u00a0Traer resultado de parcial de orina y\/o urocultivo reciente.<\/h4>\n<\/li>\n<li>\n<h4>Revisar que la autorizaci\u00f3n del examen no est\u00e1 vencida (de lo contrario no podr\u00e1 ser atendido), en los casos y si aplica traer bono de su entidad de salud\u00a0<\/h4>\n<\/li>\n<li>\n<h4>\u00a0Cancelar el copago seg\u00fan indique la autorizaci\u00f3n.<\/h4>\n<\/li>\n<li>\n<h4>Informar al personal de salud el momento de la suspensi\u00f3n del medicamento aspirina, aspirineta, asawin, Alkaseltzer, Warfarina, enoxaparina o alg\u00fan tipo de anticoagulantes.<\/h4>\n<\/li>\n<li>\n<h4>Informar si es al\u00e9rgico a cualquier medicamento.<\/h4>\n<\/li>\n<li>\n<h4>Cancelar con 24 horas de anticipaci\u00f3n. el agendamiento, En caso de no poder asistir a la cita<\/h4>\n<\/li>\n<\/ol>\n<p><strong><span style=\"color: #ff6600\">De una buena preparaci\u00f3n depende un buen examen<\/span><\/strong><\/p>                    <\/div>\n\t\t        \n                    <div id=\"litotripsia-tab\" class=\"clearfix eael-tab-content-item inactive\" data-title-link=\"litotripsia-tab\">\n\t\t\t\t        <p>\u00a0<\/p>\n<p>1. Si el procedimiento es en horas de la ma\u00f1ana: Dieta l\u00edquida desde el d\u00eda anterior.<\/p>\n<p>2. Si el procedimiento es en horas de la tarde: consumir en la ma\u00f1ana 7:00 am caldo o arom\u00e1tica con galletas de sal, si usted es diab\u00e9tico consumir a las10:00am la misma porci\u00f3n de las 7:00 am<\/p>\n<p>3. Llegar media hora (30) minutos antes de la cita con acompa\u00f1ante adulto<\/p>\n<p>4. Traer resultado de estudios anteriores, radiograf\u00edas, urotac, etc<\/p>\n<p>5. Si est\u00e1 tomando aspirina debe suspenderla una (1) semana antes del procedimiento<\/p>\n<p>6. Si est\u00e1 tomando medicamento para la hipertensi\u00f3n se debe seguir tomando de forma igual a la misma hora de todos los d\u00edas.<\/p>\n<p>7. Si su ur\u00f3logo tratante indica alguna preparaci\u00f3n especial con otro tipo de antibi\u00f3tico, por favor informar en el momento de la asignaci\u00f3n de la cita.<\/p>\n<p>8. Si presenta alguna enfermedad que requiera profilaxis antibi\u00f3tica u otra medida por favor informe esta situaci\u00f3n.<\/p>\n<p>9. Si es mujer y sospecha embarazo o est\u00e1 en embarazo debe informar<\/p>\n<p>10. Revise que la autorizaci\u00f3n del examen no est\u00e9 vencida (para poder ser atendido) y en los casos necesarios traer bono de su entidad de salud.<\/p>\n<p>11. En caso de no poder asistir a la cita avisar con 24 horas de anticipaci\u00f3n<\/p>\n<p>\u00a0<\/p>\n<h4><span style=\"color: #ff9900\"><strong>De una buena preparaci\u00f3n depende un buen examen<\/strong><\/span><\/h4>                    <\/div>\n\t\t        \n                    <div id=\"urodinamia-tab\" class=\"clearfix eael-tab-content-item inactive\" data-title-link=\"urodinamia-tab\">\n\t\t\t\t        <p>\u00a0<\/p>\n<p><strong><span style=\"color: #000080\">Para la programaci\u00f3n de un examen de Urodinamia, es necesario tener:<\/span><\/strong><\/p>\n<p>1. Laboratorio de Urocultivo (resultado menor a 2 meses)<\/p>\n<p>2. Autorizaci\u00f3n del procedimiento de su EPS o entidad de salud, vigente y remitida a Urobosque<\/p>\n<p>3. Orden m\u00e9dica del procedimiento.<\/p>\n<p>Los anteriores ex\u00e1menes de laboratorio deben ser enviados al correo: urodinamia@urobosque.com (Indicando sus datos personales, nombres completos, cedula, entidad de salud afiliada (EPS, Medicina prepagada o Aseguradora), tel\u00e9fonos de contacto y correo elect\u00f3nico.<\/p>\n<p>Una vez env\u00ede el correo nos estaremos comunicando con usted en un periodo no mayor a 5 d\u00edas h\u00e1biles.\u00a0 Si pasado este tiempo no nos hemos comunicado,\u00a0 por favor llamar a nuestro call center 6016482254\u00a0 o 6017701920 marcando la opci\u00f3n 5 del men\u00fa.<\/p>\n<p>por favor tenga en cuenta que los reportes de los ex\u00e1menes de laboratorio deben ser recientes o menores a dos meses de haberlos realizado.<\/p>\n<p>\u00a0<\/p>\n<p><strong><span style=\"color: #000080\">Para el d\u00eda de su cita:<\/span><\/strong><\/p>\n<p>1. Recuerde llegar quince (15) minutos antes de la cita<\/p>\n<p>2. Es necesario llegar con la vejiga llena (buenos deseos de orinar)<\/p>\n<p>3. En el caso que usted use sonda o realice cateterismo intermitente, esto no es necesario.<\/p>\n<p>4. Inicie la toma del antibi\u00f3tico de acuerdo a lo indicado en el call center en el momento de la programaci\u00f3n de la cita.<\/p>\n<p>5. Los menores de edad deben venir con uno de sus padres o la persona que conozca claramente la historia cl\u00ednica del ni\u00f1o.<\/p>\n<p>6. Por su comodidad es ideal que las mujeres no tengan el periodo<\/p>\n<p>7. El paciente NO debe tener un<\/p>\n<p>8. Recuerde traer resultado de parcial de orina y\/o urocultivo<\/p>\n<p>9. Los pacientes con sonda permanente deben traer una sonda del mismo calibre para poder realizar el ex\u00e1men.<\/p>\n<p>10. En caso de que usted est\u00e9 tomando aspirina, aspirineta, asawin, alka seltzer, Warfarina, enoxaparina o alg\u00fan tipo de anticoagulantes por favor informar al momento de solicitar la cita.<\/p>\n<p>11. Revise que la autorizaci\u00f3n del examen no est\u00e9 vencida (para poder ser atendido) y en los casos necesarios traer bono de su entidad de salud.<\/p>\n<p>12. En caso de no poder asistir a la cita avisar con 24 horas de anticipaci\u00f3n.<\/p>\n<p><strong>\u00a0<\/strong><\/p>\n<h4><span style=\"color: #ff6600\"><strong>De una buena preparaci\u00f3n depende un buen examen<\/strong><\/span><\/h4>                    <\/div>\n\t\t                    <\/div>\n        <\/div>\n\t\t\t\t<\/div>\n\t\t\t\t<\/div>\n\t\t\t\t\t<\/div>\n\t\t<\/div>\n\t\t\t\t\t<\/div>\n\t\t<\/section>\n\t\t\t\t<section class=\"elementor-section elementor-top-section elementor-element elementor-element-f34c97f elementor-section-boxed elementor-section-height-default elementor-section-height-default\" data-id=\"f34c97f\" data-element_type=\"section\" data-e-type=\"section\">\n\t\t\t\t\t\t<div class=\"elementor-container elementor-column-gap-default\">\n\t\t\t\t\t<div class=\"elementor-column elementor-col-100 elementor-top-column elementor-element elementor-element-53d2db2\" data-id=\"53d2db2\" data-element_type=\"column\" data-e-type=\"column\">\n\t\t\t<div class=\"elementor-widget-wrap\">\n\t\t\t\t\t\t\t<\/div>\n\t\t<\/div>\n\t\t\t\t\t<\/div>\n\t\t<\/section>\n\t\t\t\t<section class=\"elementor-section elementor-top-section elementor-element elementor-element-a4a18c9 elementor-section-boxed elementor-section-height-default elementor-section-height-default\" data-id=\"a4a18c9\" data-element_type=\"section\" data-e-type=\"section\">\n\t\t\t\t\t\t<div class=\"elementor-container elementor-column-gap-default\">\n\t\t\t\t\t<div class=\"elementor-column elementor-col-100 elementor-top-column elementor-element elementor-element-b94aad1\" data-id=\"b94aad1\" data-element_type=\"column\" data-e-type=\"column\">\n\t\t\t<div class=\"elementor-widget-wrap\">\n\t\t\t\t\t\t\t<\/div>\n\t\t<\/div>\n\t\t\t\t\t<\/div>\n\t\t<\/section>\n\t\t\t\t<\/div>\n\t\t","protected":false},"excerpt":{"rendered":"<p>Cistoscopia Biopsia Transrectal Litotripsia Urodinamia \u00a0 Para la programaci\u00f3n de un examen de Cistoscopia, es necesario tener: 1. Laboratorio de Urocultivo (resultado menor a 2 meses) 2. Autorizaci\u00f3n del procedimiento de su EPS o entidad de salud, vigente y remitida a Urobosque 3. Orden m\u00e9dica del procedimiento. Los anteriores ex\u00e1menes de laboratorio deben ser enviados [&hellip;]<\/p>\n","protected":false},"author":1,"featured_media":0,"parent":0,"menu_order":0,"comment_status":"closed","ping_status":"closed","template":"","meta":{"footnotes":""},"class_list":["post-318","page","type-page","status-publish","hentry","entry"],"_links":{"self":[{"href":"https:\/\/web.urobosque.com\/web\/wp-json\/wp\/v2\/pages\/318","targetHints":{"allow":["GET"]}}],"collection":[{"href":"https:\/\/web.urobosque.com\/web\/wp-json\/wp\/v2\/pages"}],"about":[{"href":"https:\/\/web.urobosque.com\/web\/wp-json\/wp\/v2\/types\/page"}],"author":[{"embeddable":true,"href":"https:\/\/web.urobosque.com\/web\/wp-json\/wp\/v2\/users\/1"}],"replies":[{"embeddable":true,"href":"https:\/\/web.urobosque.com\/web\/wp-json\/wp\/v2\/comments?post=318"}],"version-history":[{"count":45,"href":"https:\/\/web.urobosque.com\/web\/wp-json\/wp\/v2\/pages\/318\/revisions"}],"predecessor-version":[{"id":2031,"href":"https:\/\/web.urobosque.com\/web\/wp-json\/wp\/v2\/pages\/318\/revisions\/2031"}],"wp:attachment":[{"href":"https:\/\/web.urobosque.com\/web\/wp-json\/wp\/v2\/media?parent=318"}],"curies":[{"name":"wp","href":"https:\/\/api.w.org\/{rel}","templated":true}]}}