{"id":963,"date":"2020-06-18T00:38:48","date_gmt":"2020-06-18T00:38:48","guid":{"rendered":"http:\/\/web.urobosque.com\/web\/?page_id=963"},"modified":"2024-09-05T14:53:53","modified_gmt":"2024-09-05T14:53:53","slug":"biopsia-transrectal","status":"publish","type":"page","link":"https:\/\/web.urobosque.com\/web\/biopsia-transrectal\/","title":{"rendered":"Biopsia transrectal"},"content":{"rendered":"\t\t<div data-elementor-type=\"wp-page\" data-elementor-id=\"963\" class=\"elementor elementor-963\">\n\t\t\t\t\t\t<section class=\"elementor-section elementor-top-section elementor-element elementor-element-427e58e elementor-section-boxed elementor-section-height-default elementor-section-height-default\" data-id=\"427e58e\" data-element_type=\"section\" data-e-type=\"section\">\n\t\t\t\t\t\t<div class=\"elementor-container elementor-column-gap-default\">\n\t\t\t\t\t<div class=\"elementor-column elementor-col-100 elementor-top-column elementor-element elementor-element-f578720\" data-id=\"f578720\" data-element_type=\"column\" data-e-type=\"column\">\n\t\t\t<div class=\"elementor-widget-wrap elementor-element-populated\">\n\t\t\t\t\t\t<div class=\"elementor-element elementor-element-f49c768 elementor-widget elementor-widget-image\" data-id=\"f49c768\" data-element_type=\"widget\" data-e-type=\"widget\" data-widget_type=\"image.default\">\n\t\t\t\t<div class=\"elementor-widget-container\">\n\t\t\t\t\t\t\t\t\t\t\t\t\t\t\t<img fetchpriority=\"high\" decoding=\"async\" width=\"1150\" height=\"327\" src=\"https:\/\/web.urobosque.com\/web\/wp-content\/uploads\/2020\/06\/Urobosque_Nuestros-Servicios_banner.jpg\" class=\"attachment-full size-full wp-image-610\" alt=\"\" srcset=\"https:\/\/web.urobosque.com\/web\/wp-content\/uploads\/2020\/06\/Urobosque_Nuestros-Servicios_banner.jpg 1150w, https:\/\/web.urobosque.com\/web\/wp-content\/uploads\/2020\/06\/Urobosque_Nuestros-Servicios_banner-300x85.jpg 300w, https:\/\/web.urobosque.com\/web\/wp-content\/uploads\/2020\/06\/Urobosque_Nuestros-Servicios_banner-1024x291.jpg 1024w, https:\/\/web.urobosque.com\/web\/wp-content\/uploads\/2020\/06\/Urobosque_Nuestros-Servicios_banner-768x218.jpg 768w, https:\/\/web.urobosque.com\/web\/wp-content\/uploads\/2020\/06\/Urobosque_Nuestros-Servicios_banner-48x14.jpg 48w, https:\/\/web.urobosque.com\/web\/wp-content\/uploads\/2020\/06\/Urobosque_Nuestros-Servicios_banner-36x10.jpg 36w\" sizes=\"(max-width: 1150px) 100vw, 1150px\" \/>\t\t\t\t\t\t\t\t\t\t\t\t\t\t\t<\/div>\n\t\t\t\t<\/div>\n\t\t\t\t\t<\/div>\n\t\t<\/div>\n\t\t\t\t\t<\/div>\n\t\t<\/section>\n\t\t\t\t<section class=\"elementor-section elementor-top-section elementor-element elementor-element-3d69635 elementor-section-boxed elementor-section-height-default elementor-section-height-default\" data-id=\"3d69635\" data-element_type=\"section\" data-e-type=\"section\">\n\t\t\t\t\t\t<div class=\"elementor-container elementor-column-gap-default\">\n\t\t\t\t\t<div class=\"elementor-column elementor-col-100 elementor-top-column elementor-element elementor-element-0b1b2b0\" data-id=\"0b1b2b0\" data-element_type=\"column\" data-e-type=\"column\">\n\t\t\t<div class=\"elementor-widget-wrap elementor-element-populated\">\n\t\t\t\t\t\t<div class=\"elementor-element elementor-element-14f0444 elementor-widget elementor-widget-heading\" data-id=\"14f0444\" data-element_type=\"widget\" data-e-type=\"widget\" data-widget_type=\"heading.default\">\n\t\t\t\t<div class=\"elementor-widget-container\">\n\t\t\t\t\t<h2 class=\"elementor-heading-title elementor-size-default\">Biopsia transrectal de pr\u00f3stata<\/h2>\t\t\t\t<\/div>\n\t\t\t\t<\/div>\n\t\t\t\t\t<\/div>\n\t\t<\/div>\n\t\t\t\t\t<\/div>\n\t\t<\/section>\n\t\t\t\t<section class=\"elementor-section elementor-top-section elementor-element elementor-element-3e61881 elementor-section-boxed elementor-section-height-default elementor-section-height-default\" data-id=\"3e61881\" data-element_type=\"section\" data-e-type=\"section\">\n\t\t\t\t\t\t<div class=\"elementor-container elementor-column-gap-default\">\n\t\t\t\t\t<div class=\"elementor-column elementor-col-100 elementor-top-column elementor-element elementor-element-3900499\" data-id=\"3900499\" data-element_type=\"column\" data-e-type=\"column\">\n\t\t\t<div class=\"elementor-widget-wrap elementor-element-populated\">\n\t\t\t\t\t\t<div class=\"elementor-element elementor-element-486c129 elementor-widget elementor-widget-spacer\" data-id=\"486c129\" data-element_type=\"widget\" data-e-type=\"widget\" data-widget_type=\"spacer.default\">\n\t\t\t\t<div class=\"elementor-widget-container\">\n\t\t\t\t\t\t\t<div class=\"elementor-spacer\">\n\t\t\t<div class=\"elementor-spacer-inner\"><\/div>\n\t\t<\/div>\n\t\t\t\t\t\t<\/div>\n\t\t\t\t<\/div>\n\t\t\t\t\t<\/div>\n\t\t<\/div>\n\t\t\t\t\t<\/div>\n\t\t<\/section>\n\t\t\t\t<section class=\"elementor-section elementor-top-section elementor-element elementor-element-b7fbd8e elementor-section-boxed elementor-section-height-default elementor-section-height-default\" data-id=\"b7fbd8e\" data-element_type=\"section\" data-e-type=\"section\">\n\t\t\t\t\t\t<div class=\"elementor-container elementor-column-gap-extended\">\n\t\t\t\t\t<div class=\"elementor-column elementor-col-50 elementor-top-column elementor-element elementor-element-73628d1\" data-id=\"73628d1\" data-element_type=\"column\" data-e-type=\"column\">\n\t\t\t<div class=\"elementor-widget-wrap elementor-element-populated\">\n\t\t\t\t\t\t<div class=\"elementor-element elementor-element-1dc9bbe elementor-widget elementor-widget-text-editor\" data-id=\"1dc9bbe\" data-element_type=\"widget\" data-e-type=\"widget\" data-widget_type=\"text-editor.default\">\n\t\t\t\t<div class=\"elementor-widget-container\">\n\t\t\t\t\t\t\t\t\t<p>Este examen, permite la obtenci\u00f3n de m\u00faltiples muestras del tejido prost\u00e1tico mediante el uso de la ecograf\u00eda transrectal con el fin de dirigir lo sitios de toma de estas.<\/p><p>Las muestras son enviadas al laboratorio de patolog\u00eda,\u00a0 donde van a ser analizadas por un pat\u00f3logo, quien determinar\u00e1 el tipo de c\u00e9lulas presentes en la muestra extra\u00edda con la biopsia. De esta manera se podr\u00e1 determinar si existen o no c\u00e9lulas de tipo maligno.<\/p><p>Esta biopsia se realiza de acuerdo a los hallazgos y al criterio del m\u00e9dico especialista y de acuerdo a los valores del ant\u00edgeno prost\u00e1tico espec\u00edfico detectado en la sangre del paciente.<\/p><p>Todas las biopsias requieren ex\u00e1menes previos como lo son el urocultivo y el hisopado rectal, que permiten determinar el tipo de profilaxis antibi\u00f3tica para cada paciente.\u00a0<\/p>\t\t\t\t\t\t\t\t<\/div>\n\t\t\t\t<\/div>\n\t\t\t\t<div class=\"elementor-element elementor-element-86e9037 elementor-widget elementor-widget-accordion\" data-id=\"86e9037\" data-element_type=\"widget\" data-e-type=\"widget\" data-widget_type=\"accordion.default\">\n\t\t\t\t<div class=\"elementor-widget-container\">\n\t\t\t\t\t\t\t<div class=\"elementor-accordion\">\n\t\t\t\t\t\t\t<div class=\"elementor-accordion-item\">\n\t\t\t\t\t<div id=\"elementor-tab-title-1411\" class=\"elementor-tab-title\" data-tab=\"1\" role=\"button\" aria-controls=\"elementor-tab-content-1411\" aria-expanded=\"false\">\n\t\t\t\t\t\t\t\t\t\t\t\t\t<span class=\"elementor-accordion-icon elementor-accordion-icon-left\" aria-hidden=\"true\">\n\t\t\t\t\t\t\t\t\t\t\t\t\t\t\t<span class=\"elementor-accordion-icon-closed\"><i class=\"fas fa-plus\"><\/i><\/span>\n\t\t\t\t\t\t\t\t<span class=\"elementor-accordion-icon-opened\"><i class=\"fas fa-minus\"><\/i><\/span>\n\t\t\t\t\t\t\t\t\t\t\t\t\t\t<\/span>\n\t\t\t\t\t\t\t\t\t\t\t\t<a class=\"elementor-accordion-title\" tabindex=\"0\">C\u00f3mo es el Procedimiento?<\/a>\n\t\t\t\t\t<\/div>\n\t\t\t\t\t<div id=\"elementor-tab-content-1411\" class=\"elementor-tab-content elementor-clearfix\" data-tab=\"1\" role=\"region\" aria-labelledby=\"elementor-tab-title-1411\"><p>La biopsia prost\u00e1tica ecodirigida se realiza mediante la introducci\u00f3n a trav\u00e9s del recto de un transductor espec\u00edfico para la visualizaci\u00f3n prost\u00e1tica.<\/p><p>Este estudio puede ser llevado a cabo mediante anestesia local endorectal, bloqueo de nervios pudendos o bajo sedaci\u00f3n administrada por un anestesi\u00f3logo.\u00a0 \u00a0<\/p><p>Durante el estudio inicialmente se har\u00e1 una medici\u00f3n del volumen prost\u00e1tico y posteriormente, con la ayuda de una aguja autom\u00e1tica para biopsias se tomar\u00e1n las m\u00faltiples muestras del tejido de la pr\u00f3stata.\u00a0<\/p><p>La preparaci\u00f3n para su examen es muy importante para disminuir complicaciones, esta le ser\u00e1 entregada a Usted al momento de solicitar la cita, e incluye la colocaci\u00f3n de enemas evacuadores y la toma de un antibi\u00f3tico.<\/p><p><span style=\"color: #ff6600;\">Importante<\/span><\/p><p>Si toma medicamentos que contengan \u00e1cido acetil salic\u00edlico (ASPIRINA, ASAWIN, ALKA-SELTZER) o anticoagulantes (WARFARINA, ENOXAPARINA), por favor avisar en el momento de pedir la cita<\/p><\/div>\n\t\t\t\t<\/div>\n\t\t\t\t\t\t\t<div class=\"elementor-accordion-item\">\n\t\t\t\t\t<div id=\"elementor-tab-title-1412\" class=\"elementor-tab-title\" data-tab=\"2\" role=\"button\" aria-controls=\"elementor-tab-content-1412\" aria-expanded=\"false\">\n\t\t\t\t\t\t\t\t\t\t\t\t\t<span class=\"elementor-accordion-icon elementor-accordion-icon-left\" aria-hidden=\"true\">\n\t\t\t\t\t\t\t\t\t\t\t\t\t\t\t<span class=\"elementor-accordion-icon-closed\"><i class=\"fas fa-plus\"><\/i><\/span>\n\t\t\t\t\t\t\t\t<span class=\"elementor-accordion-icon-opened\"><i class=\"fas fa-minus\"><\/i><\/span>\n\t\t\t\t\t\t\t\t\t\t\t\t\t\t<\/span>\n\t\t\t\t\t\t\t\t\t\t\t\t<a class=\"elementor-accordion-title\" tabindex=\"0\">C\u00f3mo debo programar una biopsia transrectal de pr\u00f3stata?<\/a>\n\t\t\t\t\t<\/div>\n\t\t\t\t\t<div id=\"elementor-tab-content-1412\" class=\"elementor-tab-content elementor-clearfix\" data-tab=\"2\" role=\"region\" aria-labelledby=\"elementor-tab-title-1412\"><p><strong><span style=\"color: #000080;\">Para la programaci\u00f3n de un examen de <\/span><span style=\"color: #000080;\">Biopsia transrectal de pr\u00f3stata, es necesario tener:<\/span><\/strong><\/p><p>Para programar su cita de biopsia de pr\u00f3stata usted debe <strong>TENER<\/strong> los siguientes documentos y enviarlos al correo: <span style=\"color: #000080;\"><strong>agendamientobiopsias@urobosque.com<\/strong><\/span> (Indicando sus datos personales, nombres completos, c\u00e9dula, entidad de salud afiliada (EPS, Medicina prepagada o Aseguradora), tel\u00e9fonos de contacto y correo electr\u00f3nico<\/p><p>Los documentos son:<\/p><ul><li><h4>Laboratorio de Urocultivo (resultado menor a 2 meses)<\/h4><\/li><li><h4>Laboratorio de Tiempo de protrombina (PT) y Tiempo de tromboplastina parcial (PTT) menor a 2 meses<\/h4><\/li><li><h4>Resultado de hisopado rectal con antibiograma y reporte Blee menor a 2 meses.<\/h4><\/li><li><h4>Informar si est\u00e1 tomando asa (\u00e1cido acetilsalic\u00edlico) aspirina, plavix, enoxaparina, warfarina, dabigatran, apixaban,rivaroxaban) o cualquier anticoagulante ya que se debe realizar una suspensi\u00f3n como m\u00ednimo 5 d\u00edas antes a el procedimiento , Bajo supervisi\u00f3n de su m\u00e9dico tratante asi que se requiere una\u00a0 nota m\u00e9dica autorizando la suspensi\u00f3n o la adecuaci\u00f3n del medicamento anticoagulante debidamente\u00a0 firmada expedida por su\u00a0 entidad de salud. Adjunte la nota m\u00e9dica.<\/h4><\/li><li><h4>Autorizaci\u00f3n del procedimiento de su EPS o entidad de salud, vigente y remitida a Urobosque.<\/h4><\/li><li><h4>Orden m\u00e9dica del procedimiento.<\/h4><\/li><\/ul><ul><li><h4>Si la orden es una BIOPSIA DE PR\u00d3STATA POR FUSI\u00d3N. Adem\u00e1s del env\u00edo de los resultados de laboratorios ya mencionados adjunte la lectura de resonancia magn\u00e9tica multiparam\u00e9trica de pr\u00f3stata y el reporte de la creatinina\u00a0<\/h4><\/li><\/ul><p>Por favor tenga en cuenta que los reportes de los ex\u00e1menes de laboratorio deben ser recientes o menores a dos meses de haberlos realizado.<\/p><p>Estos documentos deben ser enviados al correo: <span style=\"color: #000080;\"><strong>agendamientobiopsias@urobosque.com<\/strong><\/span> (Indicando sus datos personales, nombres completos, c\u00e9dula, entidad de salud afiliada (EPS, Medicina prepagada o Aseguradora), tel\u00e9fonos de contacto y correo electr\u00f3nico, Si la orden es una BIOPSIA DE PR\u00d3STATA FUSI\u00d3N, Adem\u00e1s del env\u00edo de los documentos ya mencionados Por favor entregue el CD de la resonancia multiparam\u00e9trica a la sede de Urobosque CALLE. 134 N\u00ba 7-83 TORRE 3 PISO 6 CONS. 361 de lunes a s\u00e1bado de 8.00 a 12 am\u00a0<\/p><p>Una vez\u00a0 env\u00ede el correo con todos los documentos solicitados, urobosque analizar\u00e1 los resultados\u00a0 y se pondr\u00e1 en contacto con usted en un t\u00e9rmino de\u00a0 48 a 72 horas para indicarle su proceder. En el evento que no lo realicemos no dude en contactar al Call center al 6482254 o 7701920 en la opci\u00f3n 2.\u00a0<\/p><p>\u00a0<\/p><p>\u00a0<\/p><\/div>\n\t\t\t\t<\/div>\n\t\t\t\t\t\t\t<div class=\"elementor-accordion-item\">\n\t\t\t\t\t<div id=\"elementor-tab-title-1413\" class=\"elementor-tab-title\" data-tab=\"3\" role=\"button\" aria-controls=\"elementor-tab-content-1413\" aria-expanded=\"false\">\n\t\t\t\t\t\t\t\t\t\t\t\t\t<span class=\"elementor-accordion-icon elementor-accordion-icon-left\" aria-hidden=\"true\">\n\t\t\t\t\t\t\t\t\t\t\t\t\t\t\t<span class=\"elementor-accordion-icon-closed\"><i class=\"fas fa-plus\"><\/i><\/span>\n\t\t\t\t\t\t\t\t<span class=\"elementor-accordion-icon-opened\"><i class=\"fas fa-minus\"><\/i><\/span>\n\t\t\t\t\t\t\t\t\t\t\t\t\t\t<\/span>\n\t\t\t\t\t\t\t\t\t\t\t\t<a class=\"elementor-accordion-title\" tabindex=\"0\">Preparaci\u00f3n para la biopsia transrectal de pr\u00f3stata<\/a>\n\t\t\t\t\t<\/div>\n\t\t\t\t\t<div id=\"elementor-tab-content-1413\" class=\"elementor-tab-content elementor-clearfix\" data-tab=\"3\" role=\"region\" aria-labelledby=\"elementor-tab-title-1413\"><ol><li><h4>\u00a0Inicie la toma del antibi\u00f3tico de acuerdo a lo indicado por el call center en el momento de la programaci\u00f3n de la cita.<\/h4><\/li><li><h4>Aplique un Enema evacuador o lavado TRAVAD (lavado v\u00eda rectal) de 133 ml, 3 horas antes de su biopsia.<\/h4><\/li><li><h4>En el caso que usted use sonda vesical cerrarla dos horas antes o si realiza cateterismo intermitente, esto no es necesario realizarlo el d\u00eda del examen.<\/h4><\/li><li><h4>Si tiene programada biopsia bajo sedaci\u00f3n tener un ayuno de 8 horas, previas a la cita de la biopsia.<\/h4><\/li><\/ol><h4><strong><span style=\"color: #ff6600;\">Recuerde<\/span><\/strong>.<\/h4><ol><li><h4>\u00a0Llegar quince (15) minutos antes de la cita.\u00a0 Si se requiere la aplicaci\u00f3n de antibi\u00f3tico endovenoso previo al estudio, se debe llegar con dos (2) horas de anticipaci\u00f3n<\/h4><\/li><li><h4><span style=\"font-family: Asap, sans-serif; font-size: 17px; font-style: normal; font-weight: 400;\">Llegar acompa\u00f1ado de adulto responsable.<\/span><\/h4><\/li><li><h4>\u00a0Traer resultado de parcial de orina y\/o urocultivo reciente.<\/h4><\/li><li><h4>Revisar que la autorizaci\u00f3n del examen no est\u00e1 vencida (de lo contrario no podr\u00e1 ser atendido), en los casos y si aplica traer bono de su entidad de salud\u00a0<\/h4><\/li><li><h4>\u00a0Cancelar el copago seg\u00fan indique la autorizaci\u00f3n.<\/h4><\/li><li><h4>Informar al personal de salud el momento de la suspensi\u00f3n del medicamento aspirina, aspirineta, asawin, Alkaseltzer, Warfarina, enoxaparina o alg\u00fan tipo de anticoagulantes.<\/h4><\/li><li><h4>Informar si es al\u00e9rgico a cualquier medicamento.<\/h4><\/li><li><h4>Cancelar con 24 horas de anticipaci\u00f3n. el agendamiento, En caso de no poder asistir a la cita<\/h4><\/li><\/ol><p><strong><span style=\"color: #ff6600;\">De una buena preparaci\u00f3n depende un buen examen<\/span><\/strong><\/p><p><strong><span style=\"color: #ff6600;\">\u00a0<\/span><\/strong><\/p><\/div>\n\t\t\t\t<\/div>\n\t\t\t\t\t\t\t\t<\/div>\n\t\t\t\t\t\t<\/div>\n\t\t\t\t<\/div>\n\t\t\t\t\t<\/div>\n\t\t<\/div>\n\t\t\t\t<div class=\"elementor-column elementor-col-50 elementor-top-column elementor-element elementor-element-4fabac2\" data-id=\"4fabac2\" data-element_type=\"column\" data-e-type=\"column\">\n\t\t\t<div class=\"elementor-widget-wrap elementor-element-populated\">\n\t\t\t\t\t\t<div class=\"elementor-element elementor-element-c56199f elementor-widget elementor-widget-image\" data-id=\"c56199f\" data-element_type=\"widget\" data-e-type=\"widget\" data-widget_type=\"image.default\">\n\t\t\t\t<div class=\"elementor-widget-container\">\n\t\t\t\t\t\t\t\t\t\t\t\t\t\t\t<img decoding=\"async\" width=\"567\" height=\"380\" src=\"https:\/\/web.urobosque.com\/web\/wp-content\/uploads\/2020\/06\/img_10.jpg\" class=\"attachment-large size-large wp-image-929\" alt=\"\" srcset=\"https:\/\/web.urobosque.com\/web\/wp-content\/uploads\/2020\/06\/img_10.jpg 567w, https:\/\/web.urobosque.com\/web\/wp-content\/uploads\/2020\/06\/img_10-300x201.jpg 300w, https:\/\/web.urobosque.com\/web\/wp-content\/uploads\/2020\/06\/img_10-48x32.jpg 48w, https:\/\/web.urobosque.com\/web\/wp-content\/uploads\/2020\/06\/img_10-36x24.jpg 36w\" sizes=\"(max-width: 567px) 100vw, 567px\" \/>\t\t\t\t\t\t\t\t\t\t\t\t\t\t\t<\/div>\n\t\t\t\t<\/div>\n\t\t\t\t<section class=\"elementor-section elementor-inner-section elementor-element elementor-element-a509d9d elementor-section-boxed elementor-section-height-default elementor-section-height-default\" data-id=\"a509d9d\" data-element_type=\"section\" data-e-type=\"section\">\n\t\t\t\t\t\t<div class=\"elementor-container elementor-column-gap-default\">\n\t\t\t\t\t<div class=\"elementor-column elementor-col-100 elementor-inner-column elementor-element elementor-element-a786cf9\" data-id=\"a786cf9\" data-element_type=\"column\" data-e-type=\"column\">\n\t\t\t<div class=\"elementor-widget-wrap elementor-element-populated\">\n\t\t\t\t\t\t\t<\/div>\n\t\t<\/div>\n\t\t\t\t\t<\/div>\n\t\t<\/section>\n\t\t\t\t\t<\/div>\n\t\t<\/div>\n\t\t\t\t\t<\/div>\n\t\t<\/section>\n\t\t\t\t<section class=\"elementor-section elementor-top-section elementor-element elementor-element-b40984b elementor-section-boxed elementor-section-height-default elementor-section-height-default\" data-id=\"b40984b\" data-element_type=\"section\" data-e-type=\"section\">\n\t\t\t\t\t\t<div class=\"elementor-container elementor-column-gap-default\">\n\t\t\t\t\t<div class=\"elementor-column elementor-col-100 elementor-top-column elementor-element elementor-element-ff76bc2\" data-id=\"ff76bc2\" data-element_type=\"column\" data-e-type=\"column\">\n\t\t\t<div class=\"elementor-widget-wrap elementor-element-populated\">\n\t\t\t\t\t\t<div class=\"elementor-element elementor-element-cb17d10 elementor-widget-divider--view-line_icon elementor-view-default elementor-widget-divider--element-align-center elementor-widget elementor-widget-divider\" data-id=\"cb17d10\" data-element_type=\"widget\" data-e-type=\"widget\" data-widget_type=\"divider.default\">\n\t\t\t\t<div class=\"elementor-widget-container\">\n\t\t\t\t\t\t\t<div class=\"elementor-divider\">\n\t\t\t<span class=\"elementor-divider-separator\">\n\t\t\t\t\t\t\t<div class=\"elementor-icon elementor-divider__element\">\n\t\t\t\t\t<i aria-hidden=\"true\" class=\"fas fa-asterisk\"><\/i><\/div>\n\t\t\t\t\t\t<\/span>\n\t\t<\/div>\n\t\t\t\t\t\t<\/div>\n\t\t\t\t<\/div>\n\t\t\t\t\t<\/div>\n\t\t<\/div>\n\t\t\t\t\t<\/div>\n\t\t<\/section>\n\t\t\t\t<\/div>\n\t\t","protected":false},"excerpt":{"rendered":"<p>Biopsia transrectal de pr\u00f3stata Este examen, permite la obtenci\u00f3n de m\u00faltiples muestras del tejido prost\u00e1tico mediante el uso de la ecograf\u00eda transrectal con el fin de dirigir lo sitios de toma de estas. Las muestras son enviadas al laboratorio de patolog\u00eda,\u00a0 donde van a ser analizadas por un pat\u00f3logo, quien determinar\u00e1 el tipo de c\u00e9lulas [&hellip;]<\/p>\n","protected":false},"author":1,"featured_media":0,"parent":0,"menu_order":0,"comment_status":"closed","ping_status":"closed","template":"","meta":{"footnotes":""},"class_list":["post-963","page","type-page","status-publish","hentry","entry"],"_links":{"self":[{"href":"https:\/\/web.urobosque.com\/web\/wp-json\/wp\/v2\/pages\/963","targetHints":{"allow":["GET"]}}],"collection":[{"href":"https:\/\/web.urobosque.com\/web\/wp-json\/wp\/v2\/pages"}],"about":[{"href":"https:\/\/web.urobosque.com\/web\/wp-json\/wp\/v2\/types\/page"}],"author":[{"embeddable":true,"href":"https:\/\/web.urobosque.com\/web\/wp-json\/wp\/v2\/users\/1"}],"replies":[{"embeddable":true,"href":"https:\/\/web.urobosque.com\/web\/wp-json\/wp\/v2\/comments?post=963"}],"version-history":[{"count":25,"href":"https:\/\/web.urobosque.com\/web\/wp-json\/wp\/v2\/pages\/963\/revisions"}],"predecessor-version":[{"id":1604,"href":"https:\/\/web.urobosque.com\/web\/wp-json\/wp\/v2\/pages\/963\/revisions\/1604"}],"wp:attachment":[{"href":"https:\/\/web.urobosque.com\/web\/wp-json\/wp\/v2\/media?parent=963"}],"curies":[{"name":"wp","href":"https:\/\/api.w.org\/{rel}","templated":true}]}}